{"id":13946,"date":"2025-06-02T13:05:51","date_gmt":"2025-06-02T13:05:51","guid":{"rendered":"https:\/\/kaitseliit.ee\/?page_id=13946"},"modified":"2025-09-04T12:57:25","modified_gmt":"2025-09-04T12:57:25","slug":"home","status":"publish","type":"page","link":"https:\/\/kaitseliit.ee\/en\/","title":{"rendered":"Home"},"content":{"rendered":"<p>active members<br \/>\n\t\t\t\t0<br \/>\n\t\t\t\tK<br \/>\n\t\t\tmembers alltogether<br \/>\n\t\t\t\t0<br \/>\n\t\t\t\tK+<br \/>\n\t\t\tmembers exercising in every weekand<br \/>\n\t\t\t\t0<br \/>\n\t\t\tmunicipalities have members in the Defence League<br \/>\n\t\t\t\t0<\/p>\n<h3>Defend your home. Join Estonian Defence League!<\/h3>\n<p>\t\tBecoming a member of and withdrawal from the Estonian Defence League is voluntary and is subject to the procedure provided by the Statutes of the Estonian Defence League.An active member may be an Estonian citizen of at least 18 years of age.A supporter may be a citizen of Estonia or a foreign country who acknowledges the goals of the Estonian Defence League and contributes to achieving these goals by virtue of their activities.A junior member may be an Estonian citizen of 7 &#8211; 18 years of age who acknowledges the goals of the Estonian Defence League.\t\t\t\t\t\t\t\t<a href=\"https:\/\/liitu.kaitseliit.ee\/\" target=\"_blank\" rel=\"nofollow\"><br \/>\n\t\t\t\t<svg xmlns=\"http:\/\/www.w3.org\/2000\/svg\" width=\"18\" height=\"18\" viewBox=\"0 0 18 18\" fill=\"none\"><path d=\"M4.52166 13.4922L13.0069 5.00694M13.0069 5.00694V13.0208M13.0069 5.00694H4.99306\" stroke=\"black\" stroke-width=\"2\" stroke-linecap=\"square\"><\/path><\/svg><br \/>\n\t\t\t\t\t\t\t\t\tBecome a member<br \/>\n\t\t\t\t\t<\/a><\/p>\n<h5>EDL Units<\/h5>\n<h2>Regional Units<\/h2>\n<p>\t\t\t\t\t\t\t\t\t\t<a href=\"https:\/\/kaitseliit.ee\/en\/edl-units\/#regional-units\"><br \/>\n\t\t\t\t<svg xmlns=\"http:\/\/www.w3.org\/2000\/svg\" width=\"18\" height=\"18\" viewBox=\"0 0 18 18\" fill=\"none\"><path d=\"M4.52166 13.4922L13.0069 5.00694M13.0069 5.00694V13.0208M13.0069 5.00694H4.99306\" stroke=\"black\" stroke-width=\"2\" stroke-linecap=\"square\"><\/path><\/svg><br \/>\n\t\t\t\t\t\t\t\t\tMore info<br \/>\n\t\t\t\t\t<\/a><\/p>\n<p>The Estonian Defence League (EDL) is divided into 16 regional units (malev&#8217;s), whose areas of responsibility generally correspond to the counties of Estonia, with some exceptions. Among these is the extraterritorial Cyber Defence Unit.<\/p>\n<p>\t\t\tActive members<br \/>\n\t\t\t\t0<br \/>\n\t\t\t\tK+<br \/>\n\t\t\tActive members<br \/>\n\t\t\t\t0<br \/>\n\t\t\t\tK+<br \/>\n\t\t\t\t\t\t\t\t\t\t\t\t\t\t\t<img fetchpriority=\"high\" decoding=\"async\" width=\"616\" height=\"616\" src=\"https:\/\/kaitseliit.ee\/wp-content\/uploads\/2025\/06\/Malevad.svg\" alt=\"\" \/>\t\t\t\t\t\t\t\t\t\t\t\t\t\t\t<\/p>\n<h2>Women Voluntary Defence Organization<\/h2>\n<p>\t\t\t\t\t\t\t\t\t\t<a href=\"https:\/\/www.naiskodukaitse.ee\/en\" target=\"_blank\" rel=\"nofollow\"><br \/>\n\t\t\t\t<svg xmlns=\"http:\/\/www.w3.org\/2000\/svg\" width=\"18\" height=\"18\" viewBox=\"0 0 18 18\" fill=\"none\"><path d=\"M4.52166 13.4922L13.0069 5.00694M13.0069 5.00694V13.0208M13.0069 5.00694H4.99306\" stroke=\"black\" stroke-width=\"2\" stroke-linecap=\"square\"><\/path><\/svg><br \/>\n\t\t\t\t\t\t\t\t\tMore info<br \/>\n\t\t\t\t\t<\/a><\/p>\n<p>The Women\u2019s Voluntary Defence Organisation (Naiskodukaitse) is a women\u2019s organisation that contributes to national defence and the development of society by participating in the fulfilment of the Defence League\u2019s tasks, educating citizens, and preserving patriotic traditions.<\/p>\n<p>\t\t\tActive members<br \/>\n\t\t\t\t0<br \/>\n\t\t\t\tK+<br \/>\n\t\t\tActive members<br \/>\n\t\t\t\t0<br \/>\n\t\t\t\tK+<br \/>\n\t\t\t\t\t\t\t\t\t\t\t\t\t\t\t<img decoding=\"async\" width=\"600\" height=\"600\" src=\"https:\/\/kaitseliit.ee\/wp-content\/uploads\/2025\/06\/icon_naiskodukaitse.svg\" alt=\"\" \/>\t\t\t\t\t\t\t\t\t\t\t\t\t\t\t<\/p>\n<h2>Young Eagles<\/h2>\n<p>\t\t\t\t\t\t\t\t\t\t<a href=\"https:\/\/nooredkotkad.ee\/\" target=\"_blank\" rel=\"nofollow\"><br \/>\n\t\t\t\t<svg xmlns=\"http:\/\/www.w3.org\/2000\/svg\" width=\"18\" height=\"18\" viewBox=\"0 0 18 18\" fill=\"none\"><path d=\"M4.52166 13.4922L13.0069 5.00694M13.0069 5.00694V13.0208M13.0069 5.00694H4.99306\" stroke=\"black\" stroke-width=\"2\" stroke-linecap=\"square\"><\/path><\/svg><br \/>\n\t\t\t\t\t\t\t\t\tMore info<br \/>\n\t\t\t\t\t<\/a><\/p>\n<p>The Young Eagles (Noored Kotkad) is a voluntary youth organisation with the aim of fostering boys in a patriotic spirit to become mentally and physically healthy citizens of Estonia.<\/p>\n<p>\t\t\tActive members<br \/>\n\t\t\t\t0<br \/>\n\t\t\t\tK+<br \/>\n\t\t\tActive members<br \/>\n\t\t\t\t0<br \/>\n\t\t\t\tK+<br \/>\n\t\t\t\t\t\t\t\t\t\t\t\t\t\t\t<img decoding=\"async\" width=\"489\" height=\"500\" src=\"https:\/\/kaitseliit.ee\/wp-content\/uploads\/2025\/06\/icon_noored_kotkad.svg\" alt=\"\" \/>\t\t\t\t\t\t\t\t\t\t\t\t\t\t\t<\/p>\n<h2>Home Daughters\u200b<\/h2>\n<p>\t\t\t\t\t\t\t\t\t\t<a href=\"https:\/\/kodututred.ee\/\" target=\"_blank\" rel=\"nofollow\"><br \/>\n\t\t\t\t<svg xmlns=\"http:\/\/www.w3.org\/2000\/svg\" width=\"18\" height=\"18\" viewBox=\"0 0 18 18\" fill=\"none\"><path d=\"M4.52166 13.4922L13.0069 5.00694M13.0069 5.00694V13.0208M13.0069 5.00694H4.99306\" stroke=\"black\" stroke-width=\"2\" stroke-linecap=\"square\"><\/path><\/svg><br \/>\n\t\t\t\t\t\t\t\t\tMore info<br \/>\n\t\t\t\t\t<\/a><\/p>\n<p>The Home Daughters (Kodut\u00fctred) is a voluntary youth organisation with the aim of fostering girls in a patriotic spirit to become mentally and physically healthy citizens of Estonia.<\/p>\n<p>\t\t\tActive members<br \/>\n\t\t\t\t0<br \/>\n\t\t\t\tK+<br \/>\n\t\t\tActive members<br \/>\n\t\t\t\t0<br \/>\n\t\t\t\tK+<br \/>\n\t\t\t\t\t\t\t\t\t\t\t\t\t\t\t<img loading=\"lazy\" decoding=\"async\" width=\"600\" height=\"600\" src=\"https:\/\/kaitseliit.ee\/wp-content\/uploads\/2025\/06\/icon_kodututred.svg\" alt=\"\" \/>\t\t\t\t\t\t\t\t\t\t\t\t\t\t\t<\/p>\n<h2>EDL school\u200b<\/h2>\n<p>\t\t\t\t\t\t\t\t\t\t<a href=\"https:\/\/kaitseliidukool.ee\/en\" target=\"_blank\" rel=\"nofollow\"><br \/>\n\t\t\t\t<svg xmlns=\"http:\/\/www.w3.org\/2000\/svg\" width=\"18\" height=\"18\" viewBox=\"0 0 18 18\" fill=\"none\"><path d=\"M4.52166 13.4922L13.0069 5.00694M13.0069 5.00694V13.0208M13.0069 5.00694H4.99306\" stroke=\"black\" stroke-width=\"2\" stroke-linecap=\"square\"><\/path><\/svg><br \/>\n\t\t\t\t\t\t\t\t\tMore info<br \/>\n\t\t\t\t\t<\/a><\/p>\n<p>The Defence League School is a non-formal adult education institution operating as the continuing education centre of the Defence League. The school has two main fields of study: military leadership and human resource development. It is located at Alu Manor in Rapla Municipality.Active members<\/p>\n<p>\t\t\tActive members<br \/>\n\t\t\t\t0<br \/>\n\t\t\t\tK+<br \/>\n\t\t\tActive members<br \/>\n\t\t\t\t0<br \/>\n\t\t\t\tK+<br \/>\n\t\t\t\t\t\t\t\t\t\t\t\t\t\t\t<img loading=\"lazy\" decoding=\"async\" width=\"450\" height=\"500\" src=\"https:\/\/kaitseliit.ee\/wp-content\/uploads\/2025\/06\/icon_kaitseliidu_kool.svg\" alt=\"\" \/>\t\t\t\t\t\t\t\t\t\t\t\t\t\t\t<\/p>\n<h2>The Guard Service<\/h2>\n<p>\t\t\t\t\t\t\t\t\t\t<a href=\"https:\/\/kaitseliit.ee\/en\/edl-units\/the-guard-service\/\"><br \/>\n\t\t\t\t<svg xmlns=\"http:\/\/www.w3.org\/2000\/svg\" width=\"18\" height=\"18\" viewBox=\"0 0 18 18\" fill=\"none\"><path d=\"M4.52166 13.4922L13.0069 5.00694M13.0069 5.00694V13.0208M13.0069 5.00694H4.99306\" stroke=\"black\" stroke-width=\"2\" stroke-linecap=\"square\"><\/path><\/svg><br \/>\n\t\t\t\t\t\t\t\t\tMore info<br \/>\n\t\t\t\t\t<\/a><br \/>\n\t\t\t\t\t\t\t\t\tThe Guard Service is a permanent, extraterritorial, function-based structural unit of the Defence League. Its purpose is to provide, when necessary, the guarding of national defence objects, property used for national defence purposes, and Estonia\u2019s foreign representations.<br \/>\n\t\t\tActive members<br \/>\n\t\t\t\t0<br \/>\n\t\t\t\tK+<br \/>\n\t\t\tActive members<br \/>\n\t\t\t\t0<br \/>\n\t\t\t\tK+<br \/>\n\t\t\t\t\t\t\t\t\t\t\t\t\t\t\t<img loading=\"lazy\" decoding=\"async\" width=\"498\" height=\"500\" src=\"https:\/\/kaitseliit.ee\/wp-content\/uploads\/2025\/06\/valveteenistuse_embleem.svg\" alt=\"\" \/>\t\t\t\t\t\t\t\t\t\t\t\t\t\t\t<\/p>\n<h2>Regional Units<\/h2>\n<p>\t\t\t\t\t\t\t\t\t\t<a href=\"https:\/\/kaitseliit.ee\/en\/edl-units\/#regional-units\"><br \/>\n\t\t\t\t<svg xmlns=\"http:\/\/www.w3.org\/2000\/svg\" width=\"18\" height=\"18\" viewBox=\"0 0 18 18\" fill=\"none\"><path d=\"M4.52166 13.4922L13.0069 5.00694M13.0069 5.00694V13.0208M13.0069 5.00694H4.99306\" stroke=\"black\" stroke-width=\"2\" stroke-linecap=\"square\"><\/path><\/svg><br \/>\n\t\t\t\t\t\t\t\t\tMore info<br \/>\n\t\t\t\t\t<\/a><\/p>\n<p>The Estonian Defence League (EDL) is divided into 16 regional units (malev&#8217;s), whose areas of responsibility generally correspond to the counties of Estonia, with some exceptions. Among these is the extraterritorial Cyber Defence Unit.<\/p>\n<p>\t\t\tActive members<br \/>\n\t\t\t\t0<br \/>\n\t\t\t\tK+<br \/>\n\t\t\tActive members<br \/>\n\t\t\t\t0<br \/>\n\t\t\t\tK+<br \/>\n\t\t\t\t\t\t\t\t\t\t\t\t\t\t\t\t\t<img fetchpriority=\"high\" decoding=\"async\" width=\"616\" height=\"616\" src=\"https:\/\/kaitseliit.ee\/wp-content\/uploads\/2025\/06\/Malevad.svg\" alt=\"\" \/>\t\t\t\t\t\t\t\t\t\t\t\t\t\t\t\t<\/p>\n<h2>Women Voluntary Defence Organization<\/h2>\n<p>\t\t\t\t\t\t\t\t\t\t<a href=\"https:\/\/www.naiskodukaitse.ee\/en\" target=\"_blank\" rel=\"nofollow\"><br \/>\n\t\t\t\t<svg xmlns=\"http:\/\/www.w3.org\/2000\/svg\" width=\"18\" height=\"18\" viewBox=\"0 0 18 18\" fill=\"none\"><path d=\"M4.52166 13.4922L13.0069 5.00694M13.0069 5.00694V13.0208M13.0069 5.00694H4.99306\" stroke=\"black\" stroke-width=\"2\" stroke-linecap=\"square\"><\/path><\/svg><br \/>\n\t\t\t\t\t\t\t\t\tMore info<br \/>\n\t\t\t\t\t<\/a><\/p>\n<p>The Women\u2019s Voluntary Defence Organisation (Naiskodukaitse) is a women\u2019s organisation that contributes to national defence and the development of society by participating in the fulfilment of the Defence League\u2019s tasks, educating citizens, and preserving patriotic traditions.<\/p>\n<p>\t\t\tActive members<br \/>\n\t\t\t\t0<br \/>\n\t\t\t\tK+<br \/>\n\t\t\tActive members<br \/>\n\t\t\t\t0<br \/>\n\t\t\t\tK+<br \/>\n\t\t\t\t\t\t\t\t\t\t\t\t\t\t\t\t\t<img decoding=\"async\" width=\"600\" height=\"600\" src=\"https:\/\/kaitseliit.ee\/wp-content\/uploads\/2025\/06\/icon_naiskodukaitse.svg\" alt=\"\" \/>\t\t\t\t\t\t\t\t\t\t\t\t\t\t\t\t<\/p>\n<h2>Young Eagles<\/h2>\n<p>\t\t\t\t\t\t\t\t\t\t<a href=\"https:\/\/nooredkotkad.ee\/\" target=\"_blank\" rel=\"nofollow\"><br \/>\n\t\t\t\t<svg xmlns=\"http:\/\/www.w3.org\/2000\/svg\" width=\"18\" height=\"18\" viewBox=\"0 0 18 18\" fill=\"none\"><path d=\"M4.52166 13.4922L13.0069 5.00694M13.0069 5.00694V13.0208M13.0069 5.00694H4.99306\" stroke=\"black\" stroke-width=\"2\" stroke-linecap=\"square\"><\/path><\/svg><br \/>\n\t\t\t\t\t\t\t\t\tMore info<br \/>\n\t\t\t\t\t<\/a><\/p>\n<p>The Young Eagles (Noored Kotkad) is a voluntary youth organisation with the aim of fostering boys in a patriotic spirit to become mentally and physically healthy citizens of Estonia.<\/p>\n<p>\t\t\tActive members<br \/>\n\t\t\t\t0<br \/>\n\t\t\t\tK+<br \/>\n\t\t\tActive members<br \/>\n\t\t\t\t0<br \/>\n\t\t\t\tK+<br \/>\n\t\t\t\t\t\t\t\t\t\t\t\t\t\t\t\t\t<img decoding=\"async\" width=\"489\" height=\"500\" src=\"https:\/\/kaitseliit.ee\/wp-content\/uploads\/2025\/06\/icon_noored_kotkad.svg\" alt=\"\" \/>\t\t\t\t\t\t\t\t\t\t\t\t\t\t\t\t<\/p>\n<h2>Home Daughters\u200b<\/h2>\n<p>\t\t\t\t\t\t\t\t\t\t<a href=\"https:\/\/kodututred.ee\/\" target=\"_blank\" rel=\"nofollow\"><br \/>\n\t\t\t\t<svg xmlns=\"http:\/\/www.w3.org\/2000\/svg\" width=\"18\" height=\"18\" viewBox=\"0 0 18 18\" fill=\"none\"><path d=\"M4.52166 13.4922L13.0069 5.00694M13.0069 5.00694V13.0208M13.0069 5.00694H4.99306\" stroke=\"black\" stroke-width=\"2\" stroke-linecap=\"square\"><\/path><\/svg><br \/>\n\t\t\t\t\t\t\t\t\tMore info<br \/>\n\t\t\t\t\t<\/a><\/p>\n<p>The Home Daughters (Kodut\u00fctred) is a voluntary youth organisation with the aim of fostering girls in a patriotic spirit to become mentally and physically healthy citizens of Estonia.<\/p>\n<p>\t\t\tActive members<br \/>\n\t\t\t\t0<br \/>\n\t\t\t\tK+<br \/>\n\t\t\tActive members<br \/>\n\t\t\t\t0<br \/>\n\t\t\t\tK+<br \/>\n\t\t\t\t\t\t\t\t\t\t\t\t\t\t\t\t\t<img loading=\"lazy\" decoding=\"async\" width=\"600\" height=\"600\" src=\"https:\/\/kaitseliit.ee\/wp-content\/uploads\/2025\/06\/icon_kodututred.svg\" alt=\"\" \/>\t\t\t\t\t\t\t\t\t\t\t\t\t\t\t\t<\/p>\n<h2>EDL school\u200b<\/h2>\n<p>\t\t\t\t\t\t\t\t\t\t<a href=\"https:\/\/kaitseliidukool.ee\/en\" target=\"_blank\" rel=\"nofollow\"><br \/>\n\t\t\t\t<svg xmlns=\"http:\/\/www.w3.org\/2000\/svg\" width=\"18\" height=\"18\" viewBox=\"0 0 18 18\" fill=\"none\"><path d=\"M4.52166 13.4922L13.0069 5.00694M13.0069 5.00694V13.0208M13.0069 5.00694H4.99306\" stroke=\"black\" stroke-width=\"2\" stroke-linecap=\"square\"><\/path><\/svg><br \/>\n\t\t\t\t\t\t\t\t\tMore info<br \/>\n\t\t\t\t\t<\/a><\/p>\n<p>The Defence League School is a non-formal adult education institution operating as the continuing education centre of the Defence League. The school has two main fields of study: military leadership and human resource development. It is located at Alu Manor in Rapla Municipality.Active members<\/p>\n<p>\t\t\tActive members<br \/>\n\t\t\t\t0<br \/>\n\t\t\t\tK+<br \/>\n\t\t\tActive members<br \/>\n\t\t\t\t0<br \/>\n\t\t\t\tK+<br \/>\n\t\t\t\t\t\t\t\t\t\t\t\t\t\t\t\t\t<img loading=\"lazy\" decoding=\"async\" width=\"450\" height=\"500\" src=\"https:\/\/kaitseliit.ee\/wp-content\/uploads\/2025\/06\/icon_kaitseliidu_kool.svg\" alt=\"\" \/>\t\t\t\t\t\t\t\t\t\t\t\t\t\t\t\t<\/p>\n<h2>The Guard Service<\/h2>\n<p>\t\t\t\t\t\t\t\t\t\t<a href=\"https:\/\/kaitseliit.ee\/en\/edl-units\/the-guard-service\/\"><br \/>\n\t\t\t\t<svg xmlns=\"http:\/\/www.w3.org\/2000\/svg\" width=\"18\" height=\"18\" viewBox=\"0 0 18 18\" fill=\"none\"><path d=\"M4.52166 13.4922L13.0069 5.00694M13.0069 5.00694V13.0208M13.0069 5.00694H4.99306\" stroke=\"black\" stroke-width=\"2\" stroke-linecap=\"square\"><\/path><\/svg><br \/>\n\t\t\t\t\t\t\t\t\tMore info<br \/>\n\t\t\t\t\t<\/a><br \/>\n\t\t\t\t\t\tThe Guard Service is a permanent, extraterritorial, function-based structural unit of the Defence League. Its purpose is to provide, when necessary, the guarding of national defence objects, property used for national defence purposes, and Estonia\u2019s foreign representations.<br \/>\n\t\t\tActive members<br \/>\n\t\t\t\t0<br \/>\n\t\t\t\tK+<br \/>\n\t\t\tActive members<br \/>\n\t\t\t\t0<br \/>\n\t\t\t\tK+<br \/>\n\t\t\t\t\t\t\t\t\t\t\t\t\t\t\t\t\t<img loading=\"lazy\" decoding=\"async\" width=\"498\" height=\"500\" src=\"https:\/\/kaitseliit.ee\/wp-content\/uploads\/2025\/06\/valveteenistuse_embleem.svg\" alt=\"\" \/>\t\t\t\t\t\t\t\t\t\t\t\t\t\t\t\t<\/p>\n<h1>V\u00e4\u00e4rtused, mille najal <br \/>me p\u00fcsime.<\/h1>\n<p>\t\t\t\t\t\t\t\t\t\t<a href=\"https:\/\/kaitseliit.ee\/en\/general-info\/\"><br \/>\n\t\t\t\t<svg xmlns=\"http:\/\/www.w3.org\/2000\/svg\" width=\"18\" height=\"18\" viewBox=\"0 0 18 18\" fill=\"none\"><path d=\"M4.52166 13.4922L13.0069 5.00694M13.0069 5.00694V13.0208M13.0069 5.00694H4.99306\" stroke=\"black\" stroke-width=\"2\" stroke-linecap=\"square\"><\/path><\/svg><br \/>\n\t\t\t\t\t\t\t\t\tLoe Kaitseliidust l\u00e4hemalt<br \/>\n\t\t\t\t\t<\/a><br \/>\n\t\t\t\t\t\t\t\t\t\t\t\t\t\t\t\t\t\t\t<img loading=\"lazy\" decoding=\"async\" width=\"180\" height=\"180\" src=\"https:\/\/kaitseliit.ee\/wp-content\/uploads\/2025\/06\/missiooniteadlikkus_ikoon.svg\" alt=\"\" \/>\t\t\t\t\t\t\t\t\t\t\t\t\t\t\t\t<\/p>\n<h2>Missiooniteadlikkus<\/h2>\n<p>annab meile algatusv\u00f5ime, t\u00f6\u00f6kuse, tegevussuunad ja sihikindluse.<\/p>\n<p>\t\t\t\t\t\t\t\t\t\t\t\t\t<img loading=\"lazy\" decoding=\"async\" width=\"180\" height=\"180\" src=\"https:\/\/kaitseliit.ee\/wp-content\/uploads\/2025\/06\/usaldus_ikoon.svg\" alt=\"\" \/>\t\t\t\t\t\t\t\t\t\t\t\t\t\t\t\t<\/p>\n<h2>Usaldus<\/h2>\n<p>k\u00e4tkeb endas usku, tahet, truudust, eeskuju, vabatahtlikkust.<\/p>\n<p>\t\t\t\t\t\t\t\t\t\t\t\t\t<img loading=\"lazy\" decoding=\"async\" width=\"180\" height=\"180\" src=\"https:\/\/kaitseliit.ee\/wp-content\/uploads\/2025\/06\/avatus_ikoon.svg\" alt=\"\" \/>\t\t\t\t\t\t\t\t\t\t\t\t\t\t\t\t<\/p>\n<h2>Avatus<\/h2>\n<p>k\u00e4tkeb endas kaasamist, sallivust, avalikkust.<\/p>\n<p>\t\t\t\t\t\t\t\t\t\t\t\t\t<img loading=\"lazy\" decoding=\"async\" width=\"180\" height=\"180\" src=\"https:\/\/kaitseliit.ee\/wp-content\/uploads\/2025\/06\/kogukondlikkus_ikoon.svg\" alt=\"\" \/>\t\t\t\t\t\t\t\t\t\t\t\t\t\t\t\t<\/p>\n<h2>Kogukondlikkus<\/h2>\n<p>on nii elukondlikul, kui ideelisel tasandil, kaasates otseseid naabreid ja \u00fchiste huvidega inimesi.<\/p>\n<p>\t\t\t\t\t\t\t\t\t\t\t\t\t<img loading=\"lazy\" decoding=\"async\" width=\"180\" height=\"180\" src=\"https:\/\/kaitseliit.ee\/wp-content\/uploads\/2025\/06\/jatkusuutlikus_ikoon.svg\" alt=\"\" \/>\t\t\t\t\t\t\t\t\t\t\t\t\t\t\t\t<\/p>\n<h2>J\u00e4tkusuutlikkus<\/h2>\n<p>tagatakse l\u00e4bi isiklike suhete.\u2028\u00dchiselt kantakse tahet ja usku oma j\u00f5usse, mis heidutab (hinge)vaenlast.<\/p>\n","protected":false},"excerpt":{"rendered":"<p>active members 0 K members alltogether 0 K+ members exercising in every weekand 0 municipalities have members in the Defence League 0 Defend your home. Join Estonian Defence League! Becoming a member of and withdrawal from the Estonian Defence League is voluntary and is subject to the procedure provided by the Statutes of the Estonian [&hellip;]<\/p>\n","protected":false},"author":1,"featured_media":16297,"parent":0,"menu_order":0,"comment_status":"closed","ping_status":"closed","template":"","meta":{"_acf_changed":false,"footnotes":""},"kt_page_category":[],"class_list":["post-13946","page","type-page","status-publish","has-post-thumbnail","hentry"],"acf":[],"yoast_head":"<!-- This site is optimized with the Yoast SEO plugin v27.2 - https:\/\/yoast.com\/product\/yoast-seo-wordpress\/ -->\n<title>Home - Kaitseliit<\/title>\n<meta name=\"robots\" content=\"index, follow, max-snippet:-1, max-image-preview:large, max-video-preview:-1\" \/>\n<link rel=\"canonical\" href=\"https:\/\/kaitseliit.ee\/en\/\" \/>\n<meta property=\"og:locale\" content=\"en_US\" \/>\n<meta property=\"og:type\" content=\"article\" \/>\n<meta property=\"og:title\" content=\"Home - Kaitseliit\" \/>\n<meta property=\"og:description\" content=\"active members 0 K members alltogether 0 K+ members exercising in every weekand 0 municipalities have members in the Defence League 0 Defend your home. Join Estonian Defence League! Becoming a member of and withdrawal from the Estonian Defence League is voluntary and is subject to the procedure provided by the Statutes of the Estonian [&hellip;]\" \/>\n<meta property=\"og:url\" content=\"https:\/\/kaitseliit.ee\/en\/\" \/>\n<meta property=\"og:site_name\" content=\"Kaitseliit\" \/>\n<meta property=\"article:modified_time\" content=\"2025-09-04T12:57:25+00:00\" \/>\n<script type=\"application\/ld+json\" class=\"yoast-schema-graph\">{\"@context\":\"https:\/\/schema.org\",\"@graph\":[{\"@type\":\"WebPage\",\"@id\":\"https:\/\/kaitseliit.ee\/en\/\",\"url\":\"https:\/\/kaitseliit.ee\/en\/\",\"name\":\"Home - Kaitseliit\",\"isPartOf\":{\"@id\":\"https:\/\/kaitseliit.ee\/en\/#website\"},\"primaryImageOfPage\":{\"@id\":\"https:\/\/kaitseliit.ee\/en\/#primaryimage\"},\"image\":{\"@id\":\"https:\/\/kaitseliit.ee\/en\/#primaryimage\"},\"thumbnailUrl\":\"https:\/\/kaitseliit.ee\/wp-content\/uploads\/2026\/03\/481974661_1048239887333119_6401265161532949162_n.jpg\",\"datePublished\":\"2025-06-02T13:05:51+00:00\",\"dateModified\":\"2025-09-04T12:57:25+00:00\",\"inLanguage\":\"en-US\",\"potentialAction\":[{\"@type\":\"ReadAction\",\"target\":[\"https:\/\/kaitseliit.ee\/en\/\"]}]},{\"@type\":\"ImageObject\",\"inLanguage\":\"en-US\",\"@id\":\"https:\/\/kaitseliit.ee\/en\/#primaryimage\",\"url\":\"https:\/\/kaitseliit.ee\/wp-content\/uploads\/2026\/03\/481974661_1048239887333119_6401265161532949162_n.jpg\",\"contentUrl\":\"https:\/\/kaitseliit.ee\/wp-content\/uploads\/2026\/03\/481974661_1048239887333119_6401265161532949162_n.jpg\",\"width\":961,\"height\":540},{\"@type\":\"WebSite\",\"@id\":\"https:\/\/kaitseliit.ee\/en\/#website\",\"url\":\"https:\/\/kaitseliit.ee\/en\/\",\"name\":\"Kaitseliit\",\"description\":\"Kogukondlik vastutus ja kaitsetahe kogu Eestile\",\"publisher\":{\"@id\":\"https:\/\/kaitseliit.ee\/en\/#organization\"},\"potentialAction\":[{\"@type\":\"SearchAction\",\"target\":{\"@type\":\"EntryPoint\",\"urlTemplate\":\"https:\/\/kaitseliit.ee\/en\/?s={search_term_string}\"},\"query-input\":{\"@type\":\"PropertyValueSpecification\",\"valueRequired\":true,\"valueName\":\"search_term_string\"}}],\"inLanguage\":\"en-US\"},{\"@type\":\"Organization\",\"@id\":\"https:\/\/kaitseliit.ee\/en\/#organization\",\"name\":\"Kaitseliit\",\"url\":\"https:\/\/kaitseliit.ee\/en\/\",\"logo\":{\"@type\":\"ImageObject\",\"inLanguage\":\"en-US\",\"@id\":\"https:\/\/kaitseliit.ee\/en\/#\/schema\/logo\/image\/\",\"url\":\"https:\/\/kaitseliit.ee\/wp-content\/uploads\/2025\/06\/kaitseliit-logo.svg\",\"contentUrl\":\"https:\/\/kaitseliit.ee\/wp-content\/uploads\/2025\/06\/kaitseliit-logo.svg\",\"width\":249,\"height\":70,\"caption\":\"Kaitseliit\"},\"image\":{\"@id\":\"https:\/\/kaitseliit.ee\/en\/#\/schema\/logo\/image\/\"}}]}<\/script>\n<!-- \/ Yoast SEO plugin. -->","yoast_head_json":{"title":"Home - Kaitseliit","robots":{"index":"index","follow":"follow","max-snippet":"max-snippet:-1","max-image-preview":"max-image-preview:large","max-video-preview":"max-video-preview:-1"},"canonical":"https:\/\/kaitseliit.ee\/en\/","og_locale":"en_US","og_type":"article","og_title":"Home - Kaitseliit","og_description":"active members 0 K members alltogether 0 K+ members exercising in every weekand 0 municipalities have members in the Defence League 0 Defend your home. Join Estonian Defence League! Becoming a member of and withdrawal from the Estonian Defence League is voluntary and is subject to the procedure provided by the Statutes of the Estonian [&hellip;]","og_url":"https:\/\/kaitseliit.ee\/en\/","og_site_name":"Kaitseliit","article_modified_time":"2025-09-04T12:57:25+00:00","schema":{"@context":"https:\/\/schema.org","@graph":[{"@type":"WebPage","@id":"https:\/\/kaitseliit.ee\/en\/","url":"https:\/\/kaitseliit.ee\/en\/","name":"Home - Kaitseliit","isPartOf":{"@id":"https:\/\/kaitseliit.ee\/en\/#website"},"primaryImageOfPage":{"@id":"https:\/\/kaitseliit.ee\/en\/#primaryimage"},"image":{"@id":"https:\/\/kaitseliit.ee\/en\/#primaryimage"},"thumbnailUrl":"https:\/\/kaitseliit.ee\/wp-content\/uploads\/2026\/03\/481974661_1048239887333119_6401265161532949162_n.jpg","datePublished":"2025-06-02T13:05:51+00:00","dateModified":"2025-09-04T12:57:25+00:00","inLanguage":"en-US","potentialAction":[{"@type":"ReadAction","target":["https:\/\/kaitseliit.ee\/en\/"]}]},{"@type":"ImageObject","inLanguage":"en-US","@id":"https:\/\/kaitseliit.ee\/en\/#primaryimage","url":"https:\/\/kaitseliit.ee\/wp-content\/uploads\/2026\/03\/481974661_1048239887333119_6401265161532949162_n.jpg","contentUrl":"https:\/\/kaitseliit.ee\/wp-content\/uploads\/2026\/03\/481974661_1048239887333119_6401265161532949162_n.jpg","width":961,"height":540},{"@type":"WebSite","@id":"https:\/\/kaitseliit.ee\/en\/#website","url":"https:\/\/kaitseliit.ee\/en\/","name":"Kaitseliit","description":"Kogukondlik vastutus ja kaitsetahe kogu Eestile","publisher":{"@id":"https:\/\/kaitseliit.ee\/en\/#organization"},"potentialAction":[{"@type":"SearchAction","target":{"@type":"EntryPoint","urlTemplate":"https:\/\/kaitseliit.ee\/en\/?s={search_term_string}"},"query-input":{"@type":"PropertyValueSpecification","valueRequired":true,"valueName":"search_term_string"}}],"inLanguage":"en-US"},{"@type":"Organization","@id":"https:\/\/kaitseliit.ee\/en\/#organization","name":"Kaitseliit","url":"https:\/\/kaitseliit.ee\/en\/","logo":{"@type":"ImageObject","inLanguage":"en-US","@id":"https:\/\/kaitseliit.ee\/en\/#\/schema\/logo\/image\/","url":"https:\/\/kaitseliit.ee\/wp-content\/uploads\/2025\/06\/kaitseliit-logo.svg","contentUrl":"https:\/\/kaitseliit.ee\/wp-content\/uploads\/2025\/06\/kaitseliit-logo.svg","width":249,"height":70,"caption":"Kaitseliit"},"image":{"@id":"https:\/\/kaitseliit.ee\/en\/#\/schema\/logo\/image\/"}}]}},"_links":{"self":[{"href":"https:\/\/kaitseliit.ee\/en\/wp-json\/wp\/v2\/pages\/13946","targetHints":{"allow":["GET"]}}],"collection":[{"href":"https:\/\/kaitseliit.ee\/en\/wp-json\/wp\/v2\/pages"}],"about":[{"href":"https:\/\/kaitseliit.ee\/en\/wp-json\/wp\/v2\/types\/page"}],"author":[{"embeddable":true,"href":"https:\/\/kaitseliit.ee\/en\/wp-json\/wp\/v2\/users\/1"}],"replies":[{"embeddable":true,"href":"https:\/\/kaitseliit.ee\/en\/wp-json\/wp\/v2\/comments?post=13946"}],"version-history":[{"count":3,"href":"https:\/\/kaitseliit.ee\/en\/wp-json\/wp\/v2\/pages\/13946\/revisions"}],"predecessor-version":[{"id":15202,"href":"https:\/\/kaitseliit.ee\/en\/wp-json\/wp\/v2\/pages\/13946\/revisions\/15202"}],"wp:featuredmedia":[{"embeddable":true,"href":"https:\/\/kaitseliit.ee\/en\/wp-json\/wp\/v2\/media\/16297"}],"wp:attachment":[{"href":"https:\/\/kaitseliit.ee\/en\/wp-json\/wp\/v2\/media?parent=13946"}],"wp:term":[{"taxonomy":"kt_page_category","embeddable":true,"href":"https:\/\/kaitseliit.ee\/en\/wp-json\/wp\/v2\/kt_page_category?post=13946"}],"curies":[{"name":"wp","href":"https:\/\/api.w.org\/{rel}","templated":true}]}}