{"id":14025,"date":"2025-06-16T12:14:02","date_gmt":"2025-06-16T12:14:02","guid":{"rendered":"https:\/\/kaitseliit.ee\/?page_id=14025"},"modified":"2025-08-28T12:56:50","modified_gmt":"2025-08-28T12:56:50","slug":"support-defence-league","status":"publish","type":"page","link":"https:\/\/kaitseliit.ee\/en\/defence-league\/support-defence-league\/","title":{"rendered":"Support Defence League"},"content":{"rendered":"\t\t<div data-elementor-type=\"wp-page\" data-elementor-id=\"14025\" class=\"elementor elementor-14025 elementor-1626\" data-elementor-settings=\"{&quot;ha_cmc_init_switcher&quot;:&quot;no&quot;}\" data-elementor-post-type=\"page\">\n\t\t\t\t<div class=\"elementor-element elementor-element-81d13d2 e-flex e-con-boxed e-con e-parent\" data-id=\"81d13d2\" data-element_type=\"container\" data-e-type=\"container\" data-settings=\"{&quot;_ha_eqh_enable&quot;:false}\">\n\t\t\t\t\t<div class=\"e-con-inner\">\n\t\t\t\t<div class=\"elementor-element elementor-element-fa0041c elementor-widget elementor-widget-breadcrumbs\" data-id=\"fa0041c\" data-element_type=\"widget\" data-e-type=\"widget\" data-widget_type=\"breadcrumbs.default\">\n\t\t\t\t\t<div id=\"breadcrumbs\"><\/div>\t\t\t\t<\/div>\n\t\t\t\t\t<\/div>\n\t\t\t\t<\/div>\n\t\t<div class=\"elementor-element elementor-element-0c64ad7 e-flex e-con-boxed e-con e-parent\" data-id=\"0c64ad7\" data-element_type=\"container\" data-e-type=\"container\" data-settings=\"{&quot;background_background&quot;:&quot;classic&quot;,&quot;_ha_eqh_enable&quot;:false}\">\n\t\t\t\t\t<div class=\"e-con-inner\">\n\t\t<div class=\"elementor-element elementor-element-af66c74 e-con-full e-flex e-con e-child\" data-id=\"af66c74\" data-element_type=\"container\" data-e-type=\"container\" data-settings=\"{&quot;_ha_eqh_enable&quot;:false}\">\n\t\t\t\t<div class=\"elementor-element elementor-element-ca5b42d elementor-widget elementor-widget-heading\" data-id=\"ca5b42d\" data-element_type=\"widget\" data-e-type=\"widget\" data-widget_type=\"heading.default\">\n\t\t\t\t\t<h1 class=\"elementor-heading-title elementor-size-default\">Support Defence League!<\/h1>\t\t\t\t<\/div>\n\t\t\t\t<\/div>\n\t\t<div class=\"elementor-element elementor-element-a30329f e-con-full elementor-hidden-tablet elementor-hidden-mobile e-flex e-con e-child\" data-id=\"a30329f\" data-element_type=\"container\" data-e-type=\"container\" data-settings=\"{&quot;_ha_eqh_enable&quot;:false}\">\n\t\t\t\t<\/div>\n\t\t\t\t\t<\/div>\n\t\t\t\t<\/div>\n\t\t<div class=\"elementor-element elementor-element-4070cbc e-flex e-con-boxed e-con e-parent\" data-id=\"4070cbc\" data-element_type=\"container\" data-e-type=\"container\" data-settings=\"{&quot;_ha_eqh_enable&quot;:false}\">\n\t\t\t\t\t<div class=\"e-con-inner\">\n\t\t<div class=\"elementor-element elementor-element-8654be7 e-con-full e-flex e-con e-child\" data-id=\"8654be7\" data-element_type=\"container\" data-e-type=\"container\" data-settings=\"{&quot;_ha_eqh_enable&quot;:false}\">\n\t\t\t\t<div class=\"elementor-element elementor-element-ba2aeef elementor-widget elementor-widget-text-editor\" data-id=\"ba2aeef\" data-element_type=\"widget\" data-e-type=\"widget\" data-widget_type=\"text-editor.default\">\n\t\t\t\t\t\t\t\t\t<p>If you wish to support Estonian Defence League you can make donations here. The use of funds donated to the Defence League will be decided by the central board of the Defence League, unless the donor has made a targeted donation (for example, to a specific district unit, youth organization, or for the purchase of a specific item).<\/p>\t\t\t\t\t\t\t\t<\/div>\n\t\t\t\t<\/div>\n\t\t<div class=\"elementor-element elementor-element-7a23608 e-con-full e-flex e-con e-child\" data-id=\"7a23608\" data-element_type=\"container\" data-e-type=\"container\" data-settings=\"{&quot;_ha_eqh_enable&quot;:false}\">\n\t\t\t\t<div class=\"elementor-element elementor-element-11e04fa elementor-widget elementor-widget-image\" data-id=\"11e04fa\" data-element_type=\"widget\" data-e-type=\"widget\" data-widget_type=\"image.default\">\n\t\t\t\t\t\t\t\t\t\t\t\t\t\t\t<img fetchpriority=\"high\" decoding=\"async\" width=\"728\" height=\"486\" src=\"https:\/\/kaitseliit.ee\/wp-content\/uploads\/2025\/06\/Kaitseliidu-toetamine.webp\" class=\"attachment-full size-full wp-image-2069\" alt=\"\" srcset=\"https:\/\/kaitseliit.ee\/wp-content\/uploads\/2025\/06\/Kaitseliidu-toetamine.webp 728w, https:\/\/kaitseliit.ee\/wp-content\/uploads\/2025\/06\/Kaitseliidu-toetamine-300x200.webp 300w\" sizes=\"(max-width: 728px) 100vw, 728px\" \/>\t\t\t\t\t\t\t\t\t\t\t\t\t\t\t<\/div>\n\t\t\t\t<\/div>\n\t\t\t\t\t<\/div>\n\t\t\t\t<\/div>\n\t\t<div class=\"elementor-element elementor-element-ebb2776 e-flex e-con-boxed e-con e-parent\" data-id=\"ebb2776\" data-element_type=\"container\" data-e-type=\"container\" data-settings=\"{&quot;background_background&quot;:&quot;classic&quot;,&quot;_ha_eqh_enable&quot;:false}\">\n\t\t\t\t\t<div class=\"e-con-inner\">\n\t\t<div class=\"elementor-element elementor-element-8e89c23 e-con-full e-flex e-con e-child\" data-id=\"8e89c23\" data-element_type=\"container\" data-e-type=\"container\" data-settings=\"{&quot;_ha_eqh_enable&quot;:false}\">\n\t\t\t\t<div class=\"elementor-element elementor-element-99d411f elementor-widget elementor-widget-heading\" data-id=\"99d411f\" data-element_type=\"widget\" data-e-type=\"widget\" data-widget_type=\"heading.default\">\n\t\t\t\t\t<h3 class=\"elementor-heading-title elementor-size-default\">Donations:<\/h3>\t\t\t\t<\/div>\n\t\t\t\t<\/div>\n\t\t<div class=\"elementor-element elementor-element-1407e40 e-con-full e-flex e-con e-child\" data-id=\"1407e40\" data-element_type=\"container\" data-e-type=\"container\" data-settings=\"{&quot;_ha_eqh_enable&quot;:false}\">\n\t\t\t\t<div class=\"elementor-element elementor-element-1d51e12 elementor-widget elementor-widget-text-editor\" data-id=\"1d51e12\" data-element_type=\"widget\" data-e-type=\"widget\" data-widget_type=\"text-editor.default\">\n\t\t\t\t\t\t\t\t\t<p>KAITSELIIT\u2028IBAN: <br \/>EE461010022002422007\u2028<br \/>SWIFT (BIC): EEUHEE2X\u2028<br \/>Reference No: 62020100012\u2028<br \/>Bank name: SEB Pank AS<\/p>\t\t\t\t\t\t\t\t<\/div>\n\t\t\t\t<\/div>\n\t\t<div class=\"elementor-element elementor-element-9dfd712 e-con-full e-flex e-con e-child\" data-id=\"9dfd712\" data-element_type=\"container\" data-e-type=\"container\" data-settings=\"{&quot;_ha_eqh_enable&quot;:false}\">\n\t\t\t\t<div class=\"elementor-element elementor-element-ce3d029 elementor-widget elementor-widget-text-editor\" data-id=\"ce3d029\" data-element_type=\"widget\" data-e-type=\"widget\" data-widget_type=\"text-editor.default\">\n\t\t\t\t\t\t\t\t\t<p>\/Estonian Defence League\/\u2028<br \/>Reg. No: 74000725\u2028VAT: EE101049698\u2028<br \/>Address: Toompea 8, 10142 Tallinn, Estonia<br \/>Phone: +372 717 9081\u2028<br \/>Fax: +372 717 9094\u2028<br \/>E-mail: info kaitseliit.ee<\/p>\t\t\t\t\t\t\t\t<\/div>\n\t\t\t\t<\/div>\n\t\t<div class=\"elementor-element elementor-element-9075018 e-con-full e-flex e-con e-child\" data-id=\"9075018\" data-element_type=\"container\" data-e-type=\"container\" data-settings=\"{&quot;_ha_eqh_enable&quot;:false}\">\n\t\t\t\t<div class=\"elementor-element elementor-element-cb5d2fc elementor-widget elementor-widget-heading\" data-id=\"cb5d2fc\" data-element_type=\"widget\" data-e-type=\"widget\" data-widget_type=\"heading.default\">\n\t\t\t\t\t<div class=\"elementor-heading-title elementor-size-default\">Bank details<\/div>\t\t\t\t<\/div>\n\t\t\t\t<div class=\"elementor-element elementor-element-e5feaf8 elementor-widget elementor-widget-text-editor\" data-id=\"e5feaf8\" data-element_type=\"widget\" data-e-type=\"widget\" data-widget_type=\"text-editor.default\">\n\t\t\t\t\t\t\t\t\t<p>Bank details:\u2028<br \/>Name: SEB Pank AS\u2028<br \/>Reg. No: 10004252\u2028<br \/>Address: Tornim\u00e4e 2, 15010 Tallinn, Estonia\u2028<br \/>Phone: +372 665 5100\u2028<br \/>E-mail: info seb.ee<\/p>\t\t\t\t\t\t\t\t<\/div>\n\t\t\t\t<\/div>\n\t\t\t\t\t<\/div>\n\t\t\t\t<\/div>\n\t\t<div class=\"elementor-element elementor-element-ab06de9 elementor-hidden-desktop elementor-hidden-laptop elementor-hidden-tablet elementor-hidden-mobile e-flex e-con-boxed e-con e-parent\" data-id=\"ab06de9\" data-element_type=\"container\" data-e-type=\"container\" data-settings=\"{&quot;background_background&quot;:&quot;classic&quot;,&quot;_ha_eqh_enable&quot;:false}\">\n\t\t\t\t\t<div class=\"e-con-inner\">\n\t\t<div class=\"elementor-element elementor-element-3b464fd e-con-full e-flex e-con e-child\" data-id=\"3b464fd\" data-element_type=\"container\" data-e-type=\"container\" data-settings=\"{&quot;_ha_eqh_enable&quot;:false}\">\n\t\t\t\t<div class=\"elementor-element elementor-element-a1d717d elementor-widget elementor-widget-image\" data-id=\"a1d717d\" data-element_type=\"widget\" data-e-type=\"widget\" data-widget_type=\"image.default\">\n\t\t\t\t\t\t\t\t\t\t\t\t\t\t\t<img decoding=\"async\" width=\"579\" height=\"617\" src=\"https:\/\/kaitseliit.ee\/wp-content\/uploads\/2025\/08\/toetakaitseliitu.webp\" class=\"attachment-large size-large wp-image-12253\" alt=\"\" srcset=\"https:\/\/kaitseliit.ee\/wp-content\/uploads\/2025\/08\/toetakaitseliitu.webp 579w, https:\/\/kaitseliit.ee\/wp-content\/uploads\/2025\/08\/toetakaitseliitu-282x300.webp 282w\" sizes=\"(max-width: 579px) 100vw, 579px\" \/>\t\t\t\t\t\t\t\t\t\t\t\t\t\t\t<\/div>\n\t\t\t\t<\/div>\n\t\t<div class=\"elementor-element elementor-element-21d3e9e e-con-full e-flex e-con e-child\" data-id=\"21d3e9e\" data-element_type=\"container\" data-e-type=\"container\" data-settings=\"{&quot;_ha_eqh_enable&quot;:false}\">\n\t\t\t\t<div class=\"elementor-element elementor-element-ede136f elementor-widget elementor-widget-heading\" data-id=\"ede136f\" data-element_type=\"widget\" data-e-type=\"widget\" data-widget_type=\"heading.default\">\n\t\t\t\t\t<h2 class=\"elementor-heading-title elementor-size-default\">Marss ostma.<\/h2>\t\t\t\t<\/div>\n\t\t\t\t<div class=\"elementor-element elementor-element-59e2912 elementor-widget elementor-widget-text-editor\" data-id=\"59e2912\" data-element_type=\"widget\" data-e-type=\"widget\" data-widget_type=\"text-editor.default\">\n\t\t\t\t\t\t\t\t\t<p>Kindlusta endale varustus, mis kannab Eesti kaitsetahte s\u00fcmbolit. Meie e-poest leiad vormielemente, m\u00e4rke, raamatuid jm olulisi tarvikuid t\u00f5elisele kaitseliitlasele ja kaasaelajale.<\/p>\t\t\t\t\t\t\t\t<\/div>\n\t\t\t\t<div class=\"elementor-element elementor-element-011259c kl--icon-link-btn kl--animated-arrow elementor-widget elementor-widget-button\" data-id=\"011259c\" data-element_type=\"widget\" data-e-type=\"widget\" data-widget_type=\"button.default\">\n\t\t\t\t\t\t\t\t\t\t<a class=\"elementor-button elementor-button-link elementor-size-sm\" href=\"https:\/\/www.kaitseliidupood.ee\/\" target=\"_blank\" rel=\"nofollow\">\n\t\t\t\t\t\t<span class=\"elementor-button-content-wrapper\">\n\t\t\t\t\t\t<span class=\"elementor-button-icon\">\n\t\t\t\t<svg xmlns=\"http:\/\/www.w3.org\/2000\/svg\" width=\"18\" height=\"18\" viewBox=\"0 0 18 18\" fill=\"none\"><path d=\"M4.52166 13.4922L13.0069 5.00694M13.0069 5.00694V13.0208M13.0069 5.00694H4.99306\" stroke=\"black\" stroke-width=\"2\" stroke-linecap=\"square\"><\/path><\/svg>\t\t\t<\/span>\n\t\t\t\t\t\t\t\t\t<span class=\"elementor-button-text\">E-poodi<\/span>\n\t\t\t\t\t<\/span>\n\t\t\t\t\t<\/a>\n\t\t\t\t\t\t\t\t<\/div>\n\t\t\t\t<\/div>\n\t\t<div class=\"elementor-element elementor-element-b838778 e-con-full elementor-hidden-desktop elementor-hidden-laptop elementor-hidden-tablet elementor-hidden-mobile e-flex e-con e-child\" data-id=\"b838778\" data-element_type=\"container\" data-e-type=\"container\" data-settings=\"{&quot;_ha_eqh_enable&quot;:false}\">\n\t\t\t\t<\/div>\n\t\t\t\t\t<\/div>\n\t\t\t\t<\/div>\n\t\t<div class=\"elementor-element elementor-element-830829f e-con-full elementor-hidden-desktop elementor-hidden-laptop elementor-hidden-tablet elementor-hidden-mobile e-flex e-con e-parent\" data-id=\"830829f\" data-element_type=\"container\" data-e-type=\"container\" data-settings=\"{&quot;background_background&quot;:&quot;classic&quot;,&quot;_ha_eqh_enable&quot;:false}\">\n\t\t<div class=\"elementor-element elementor-element-9a0bea0 e-con-full e-flex e-con e-child\" data-id=\"9a0bea0\" data-element_type=\"container\" data-e-type=\"container\" data-settings=\"{&quot;background_background&quot;:&quot;classic&quot;,&quot;_ha_eqh_enable&quot;:false}\">\n\t\t\t\t<\/div>\n\t\t\t\t<\/div>\n\t\t\t\t<\/div>\n\t\t","protected":false},"excerpt":{"rendered":"<p>Support Defence League! If you wish to support Estonian Defence League you can make donations here. The use of funds donated to the Defence League will be decided by the central board of the Defence League, unless the donor has made a targeted donation (for example, to a specific district unit, youth organization, or for [&hellip;]<\/p>\n","protected":false},"author":1,"featured_media":0,"parent":0,"menu_order":0,"comment_status":"closed","ping_status":"closed","template":"","meta":{"_acf_changed":false,"footnotes":""},"kt_page_category":[85,16],"class_list":["post-14025","page","type-page","status-publish","hentry","kt_page_category-defence-league","kt_page_category-toeta"],"acf":[],"yoast_head":"<!-- This site is optimized with the Yoast SEO plugin v27.4 - https:\/\/yoast.com\/product\/yoast-seo-wordpress\/ -->\n<title>Support Defence League - Kaitseliit<\/title>\n<meta name=\"robots\" content=\"index, follow, max-snippet:-1, max-image-preview:large, max-video-preview:-1\" \/>\n<link rel=\"canonical\" href=\"https:\/\/kaitseliit.ee\/en\/defence-league\/support-defence-league\/\" \/>\n<meta property=\"og:locale\" content=\"en_US\" \/>\n<meta property=\"og:type\" content=\"article\" \/>\n<meta property=\"og:title\" content=\"Support Defence League - Kaitseliit\" \/>\n<meta property=\"og:description\" content=\"Support Defence League! If you wish to support Estonian Defence League you can make donations here. The use of funds donated to the Defence League will be decided by the central board of the Defence League, unless the donor has made a targeted donation (for example, to a specific district unit, youth organization, or for [&hellip;]\" \/>\n<meta property=\"og:url\" content=\"https:\/\/kaitseliit.ee\/en\/defence-league\/support-defence-league\/\" \/>\n<meta property=\"og:site_name\" content=\"Kaitseliit\" \/>\n<meta property=\"article:modified_time\" content=\"2025-08-28T12:56:50+00:00\" \/>\n<meta property=\"og:image\" content=\"https:\/\/kaitseliit.ee\/wp-content\/uploads\/2025\/06\/Kaitseliidu-toetamine.webp\" \/>\n<script type=\"application\/ld+json\" class=\"yoast-schema-graph\">{\"@context\":\"https:\\\/\\\/schema.org\",\"@graph\":[{\"@type\":\"WebPage\",\"@id\":\"https:\\\/\\\/kaitseliit.ee\\\/en\\\/defence-league\\\/support-defence-league\\\/\",\"url\":\"https:\\\/\\\/kaitseliit.ee\\\/en\\\/defence-league\\\/support-defence-league\\\/\",\"name\":\"Support Defence League - Kaitseliit\",\"isPartOf\":{\"@id\":\"https:\\\/\\\/kaitseliit.ee\\\/en\\\/#website\"},\"primaryImageOfPage\":{\"@id\":\"https:\\\/\\\/kaitseliit.ee\\\/en\\\/defence-league\\\/support-defence-league\\\/#primaryimage\"},\"image\":{\"@id\":\"https:\\\/\\\/kaitseliit.ee\\\/en\\\/defence-league\\\/support-defence-league\\\/#primaryimage\"},\"thumbnailUrl\":\"https:\\\/\\\/kaitseliit.ee\\\/wp-content\\\/uploads\\\/2025\\\/06\\\/Kaitseliidu-toetamine.webp\",\"datePublished\":\"2025-06-16T12:14:02+00:00\",\"dateModified\":\"2025-08-28T12:56:50+00:00\",\"inLanguage\":\"en-US\",\"potentialAction\":[{\"@type\":\"ReadAction\",\"target\":[\"https:\\\/\\\/kaitseliit.ee\\\/en\\\/defence-league\\\/support-defence-league\\\/\"]}]},{\"@type\":\"ImageObject\",\"inLanguage\":\"en-US\",\"@id\":\"https:\\\/\\\/kaitseliit.ee\\\/en\\\/defence-league\\\/support-defence-league\\\/#primaryimage\",\"url\":\"https:\\\/\\\/kaitseliit.ee\\\/wp-content\\\/uploads\\\/2025\\\/06\\\/Kaitseliidu-toetamine.webp\",\"contentUrl\":\"https:\\\/\\\/kaitseliit.ee\\\/wp-content\\\/uploads\\\/2025\\\/06\\\/Kaitseliidu-toetamine.webp\"},{\"@type\":\"WebSite\",\"@id\":\"https:\\\/\\\/kaitseliit.ee\\\/en\\\/#website\",\"url\":\"https:\\\/\\\/kaitseliit.ee\\\/en\\\/\",\"name\":\"Kaitseliit\",\"description\":\"Kogukondlik vastutus ja kaitsetahe kogu Eestile\",\"publisher\":{\"@id\":\"https:\\\/\\\/kaitseliit.ee\\\/en\\\/#organization\"},\"potentialAction\":[{\"@type\":\"SearchAction\",\"target\":{\"@type\":\"EntryPoint\",\"urlTemplate\":\"https:\\\/\\\/kaitseliit.ee\\\/en\\\/?s={search_term_string}\"},\"query-input\":{\"@type\":\"PropertyValueSpecification\",\"valueRequired\":true,\"valueName\":\"search_term_string\"}}],\"inLanguage\":\"en-US\"},{\"@type\":\"Organization\",\"@id\":\"https:\\\/\\\/kaitseliit.ee\\\/en\\\/#organization\",\"name\":\"Kaitseliit\",\"url\":\"https:\\\/\\\/kaitseliit.ee\\\/en\\\/\",\"logo\":{\"@type\":\"ImageObject\",\"inLanguage\":\"en-US\",\"@id\":\"https:\\\/\\\/kaitseliit.ee\\\/en\\\/#\\\/schema\\\/logo\\\/image\\\/\",\"url\":\"https:\\\/\\\/kaitseliit.ee\\\/wp-content\\\/uploads\\\/2025\\\/06\\\/kaitseliit-logo.svg\",\"contentUrl\":\"https:\\\/\\\/kaitseliit.ee\\\/wp-content\\\/uploads\\\/2025\\\/06\\\/kaitseliit-logo.svg\",\"width\":249,\"height\":70,\"caption\":\"Kaitseliit\"},\"image\":{\"@id\":\"https:\\\/\\\/kaitseliit.ee\\\/en\\\/#\\\/schema\\\/logo\\\/image\\\/\"}}]}<\/script>\n<!-- \/ Yoast SEO plugin. -->","yoast_head_json":{"title":"Support Defence League - Kaitseliit","robots":{"index":"index","follow":"follow","max-snippet":"max-snippet:-1","max-image-preview":"max-image-preview:large","max-video-preview":"max-video-preview:-1"},"canonical":"https:\/\/kaitseliit.ee\/en\/defence-league\/support-defence-league\/","og_locale":"en_US","og_type":"article","og_title":"Support Defence League - Kaitseliit","og_description":"Support Defence League! If you wish to support Estonian Defence League you can make donations here. The use of funds donated to the Defence League will be decided by the central board of the Defence League, unless the donor has made a targeted donation (for example, to a specific district unit, youth organization, or for [&hellip;]","og_url":"https:\/\/kaitseliit.ee\/en\/defence-league\/support-defence-league\/","og_site_name":"Kaitseliit","article_modified_time":"2025-08-28T12:56:50+00:00","og_image":[{"url":"https:\/\/kaitseliit.ee\/wp-content\/uploads\/2025\/06\/Kaitseliidu-toetamine.webp","type":"","width":"","height":""}],"schema":{"@context":"https:\/\/schema.org","@graph":[{"@type":"WebPage","@id":"https:\/\/kaitseliit.ee\/en\/defence-league\/support-defence-league\/","url":"https:\/\/kaitseliit.ee\/en\/defence-league\/support-defence-league\/","name":"Support Defence League - Kaitseliit","isPartOf":{"@id":"https:\/\/kaitseliit.ee\/en\/#website"},"primaryImageOfPage":{"@id":"https:\/\/kaitseliit.ee\/en\/defence-league\/support-defence-league\/#primaryimage"},"image":{"@id":"https:\/\/kaitseliit.ee\/en\/defence-league\/support-defence-league\/#primaryimage"},"thumbnailUrl":"https:\/\/kaitseliit.ee\/wp-content\/uploads\/2025\/06\/Kaitseliidu-toetamine.webp","datePublished":"2025-06-16T12:14:02+00:00","dateModified":"2025-08-28T12:56:50+00:00","inLanguage":"en-US","potentialAction":[{"@type":"ReadAction","target":["https:\/\/kaitseliit.ee\/en\/defence-league\/support-defence-league\/"]}]},{"@type":"ImageObject","inLanguage":"en-US","@id":"https:\/\/kaitseliit.ee\/en\/defence-league\/support-defence-league\/#primaryimage","url":"https:\/\/kaitseliit.ee\/wp-content\/uploads\/2025\/06\/Kaitseliidu-toetamine.webp","contentUrl":"https:\/\/kaitseliit.ee\/wp-content\/uploads\/2025\/06\/Kaitseliidu-toetamine.webp"},{"@type":"WebSite","@id":"https:\/\/kaitseliit.ee\/en\/#website","url":"https:\/\/kaitseliit.ee\/en\/","name":"Kaitseliit","description":"Kogukondlik vastutus ja kaitsetahe kogu Eestile","publisher":{"@id":"https:\/\/kaitseliit.ee\/en\/#organization"},"potentialAction":[{"@type":"SearchAction","target":{"@type":"EntryPoint","urlTemplate":"https:\/\/kaitseliit.ee\/en\/?s={search_term_string}"},"query-input":{"@type":"PropertyValueSpecification","valueRequired":true,"valueName":"search_term_string"}}],"inLanguage":"en-US"},{"@type":"Organization","@id":"https:\/\/kaitseliit.ee\/en\/#organization","name":"Kaitseliit","url":"https:\/\/kaitseliit.ee\/en\/","logo":{"@type":"ImageObject","inLanguage":"en-US","@id":"https:\/\/kaitseliit.ee\/en\/#\/schema\/logo\/image\/","url":"https:\/\/kaitseliit.ee\/wp-content\/uploads\/2025\/06\/kaitseliit-logo.svg","contentUrl":"https:\/\/kaitseliit.ee\/wp-content\/uploads\/2025\/06\/kaitseliit-logo.svg","width":249,"height":70,"caption":"Kaitseliit"},"image":{"@id":"https:\/\/kaitseliit.ee\/en\/#\/schema\/logo\/image\/"}}]}},"_links":{"self":[{"href":"https:\/\/kaitseliit.ee\/en\/wp-json\/wp\/v2\/pages\/14025","targetHints":{"allow":["GET"]}}],"collection":[{"href":"https:\/\/kaitseliit.ee\/en\/wp-json\/wp\/v2\/pages"}],"about":[{"href":"https:\/\/kaitseliit.ee\/en\/wp-json\/wp\/v2\/types\/page"}],"author":[{"embeddable":true,"href":"https:\/\/kaitseliit.ee\/en\/wp-json\/wp\/v2\/users\/1"}],"replies":[{"embeddable":true,"href":"https:\/\/kaitseliit.ee\/en\/wp-json\/wp\/v2\/comments?post=14025"}],"version-history":[{"count":0,"href":"https:\/\/kaitseliit.ee\/en\/wp-json\/wp\/v2\/pages\/14025\/revisions"}],"wp:attachment":[{"href":"https:\/\/kaitseliit.ee\/en\/wp-json\/wp\/v2\/media?parent=14025"}],"wp:term":[{"taxonomy":"kt_page_category","embeddable":true,"href":"https:\/\/kaitseliit.ee\/en\/wp-json\/wp\/v2\/kt_page_category?post=14025"}],"curies":[{"name":"wp","href":"https:\/\/api.w.org\/{rel}","templated":true}]}}