{"id":14606,"date":"2025-06-16T11:37:51","date_gmt":"2025-06-16T11:37:51","guid":{"rendered":"https:\/\/kaitseliit.ee\/juurdepaasetavus\/"},"modified":"2025-09-01T12:27:13","modified_gmt":"2025-09-01T12:27:13","slug":"accessibility","status":"publish","type":"page","link":"https:\/\/kaitseliit.ee\/en\/accessibility\/","title":{"rendered":"Accessibility"},"content":{"rendered":"\t\t<div data-elementor-type=\"wp-page\" data-elementor-id=\"14606\" class=\"elementor elementor-14606 elementor-1571\" data-elementor-settings=\"{&quot;ha_cmc_init_switcher&quot;:&quot;no&quot;}\" data-elementor-post-type=\"page\">\n\t\t\t\t<div class=\"elementor-element elementor-element-4f4f5c4 e-flex e-con-boxed e-con e-parent\" data-id=\"4f4f5c4\" data-element_type=\"container\" data-e-type=\"container\" data-settings=\"{&quot;background_background&quot;:&quot;classic&quot;,&quot;_ha_eqh_enable&quot;:false}\">\n\t\t\t\t\t<div class=\"e-con-inner\">\n\t\t<div class=\"elementor-element elementor-element-8d51a3d e-con-full e-flex e-con e-child\" data-id=\"8d51a3d\" data-element_type=\"container\" data-e-type=\"container\" data-settings=\"{&quot;_ha_eqh_enable&quot;:false}\">\n\t\t\t\t<div class=\"elementor-element elementor-element-39ef83f elementor-widget elementor-widget-heading\" data-id=\"39ef83f\" data-element_type=\"widget\" data-e-type=\"widget\" data-widget_type=\"heading.default\">\n\t\t\t\t\t<h1 class=\"elementor-heading-title elementor-size-default\">Accessibility<\/h1>\t\t\t\t<\/div>\n\t\t\t\t<\/div>\n\t\t<div class=\"elementor-element elementor-element-491097f e-con-full e-flex e-con e-child\" data-id=\"491097f\" data-element_type=\"container\" data-e-type=\"container\" data-settings=\"{&quot;_ha_eqh_enable&quot;:false}\">\n\t\t\t\t<div class=\"elementor-element elementor-element-74fad60 elementor-widget elementor-widget-text-editor\" data-id=\"74fad60\" data-element_type=\"widget\" data-e-type=\"widget\" data-widget_type=\"text-editor.default\">\n\t\t\t\t\t\t\t\t\t<p>This website has been built and designed to meet the WCAG 2.1 AA accessibility guidelines.<\/p>\t\t\t\t\t\t\t\t<\/div>\n\t\t\t\t<\/div>\n\t\t\t\t\t<\/div>\n\t\t\t\t<\/div>\n\t\t<div class=\"elementor-element elementor-element-bfbab37 e-flex e-con-boxed e-con e-parent\" data-id=\"bfbab37\" data-element_type=\"container\" data-e-type=\"container\" data-settings=\"{&quot;_ha_eqh_enable&quot;:false}\">\n\t\t\t\t\t<div class=\"e-con-inner\">\n\t\t<div class=\"elementor-element elementor-element-b0f004a e-con-full e-flex e-con e-child\" data-id=\"b0f004a\" data-element_type=\"container\" data-e-type=\"container\" data-settings=\"{&quot;_ha_eqh_enable&quot;:false}\">\n\t\t\t\t<div class=\"elementor-element elementor-element-5dd806a elementor-widget elementor-widget-text-editor\" data-id=\"5dd806a\" data-element_type=\"widget\" data-e-type=\"widget\" data-widget_type=\"text-editor.default\">\n\t\t\t\t\t\t\t\t\t<p>This means that certain technical tools and content creation principles have been applied to help users with visual, hearing, physical, speech, cognitive, language, learning, and neurological disabilities access the website\u2019s content.<\/p>\t\t\t\t\t\t\t\t<\/div>\n\t\t\t\t<\/div>\n\t\t<div class=\"elementor-element elementor-element-42e8545 e-con-full e-flex e-con e-child\" data-id=\"42e8545\" data-element_type=\"container\" data-e-type=\"container\" data-settings=\"{&quot;_ha_eqh_enable&quot;:false}\">\n\t\t\t\t<div class=\"elementor-element elementor-element-d5d2130 elementor-widget elementor-widget-text-editor\" data-id=\"d5d2130\" data-element_type=\"widget\" data-e-type=\"widget\" data-widget_type=\"text-editor.default\">\n\t\t\t\t\t\t\t\t\t<p>In addition, it is possible to improve the accessibility of information by adjusting your computer\u2019s browser and operating system settings. Below you will find an overview of the main assistive tools.<\/p>\t\t\t\t\t\t\t\t<\/div>\n\t\t\t\t<\/div>\n\t\t\t\t\t<\/div>\n\t\t\t\t<\/div>\n\t\t<div class=\"elementor-element elementor-element-324423c e-flex e-con-boxed e-con e-parent\" data-id=\"324423c\" data-element_type=\"container\" data-e-type=\"container\" data-settings=\"{&quot;_ha_eqh_enable&quot;:false}\">\n\t\t\t\t\t<div class=\"e-con-inner\">\n\t\t<div class=\"elementor-element elementor-element-32bc2c4 e-con-full e-flex e-con e-child\" data-id=\"32bc2c4\" data-element_type=\"container\" data-e-type=\"container\" data-settings=\"{&quot;_ha_eqh_enable&quot;:false}\">\n\t\t\t\t<div class=\"elementor-element elementor-element-5f1738a elementor-widget elementor-widget-heading\" data-id=\"5f1738a\" data-element_type=\"widget\" data-e-type=\"widget\" data-widget_type=\"heading.default\">\n\t\t\t\t\t<h2 class=\"elementor-heading-title elementor-size-default\">Keyboard navigation<\/h2>\t\t\t\t<\/div>\n\t\t\t\t<div class=\"elementor-element elementor-element-522d90a elementor-widget elementor-widget-text-editor\" data-id=\"522d90a\" data-element_type=\"widget\" data-e-type=\"widget\" data-widget_type=\"text-editor.default\">\n\t\t\t\t\t\t\t\t\t<p>It is possible to navigate this website using only the keyboard. Navigation is done with the Tab key. Each press moves the focus to the next element. The currently active element is marked by a box around it. To activate a focused link, press the Enter key.<\/p>\t\t\t\t\t\t\t\t<\/div>\n\t\t\t\t<\/div>\n\t\t<div class=\"elementor-element elementor-element-6d1df90 e-con-full e-flex e-con e-child\" data-id=\"6d1df90\" data-element_type=\"container\" data-e-type=\"container\" data-settings=\"{&quot;_ha_eqh_enable&quot;:false}\">\n\t\t\t\t<div class=\"elementor-element elementor-element-78c2ccd elementor-widget-divider--view-line elementor-widget elementor-widget-divider\" data-id=\"78c2ccd\" data-element_type=\"widget\" data-e-type=\"widget\" data-widget_type=\"divider.default\">\n\t\t\t\t\t\t\t<div class=\"elementor-divider\">\n\t\t\t<span class=\"elementor-divider-separator\">\n\t\t\t\t\t\t<\/span>\n\t\t<\/div>\n\t\t\t\t\t\t<\/div>\n\t\t\t\t<div class=\"elementor-element elementor-element-b4f825c elementor-widget elementor-widget-heading\" data-id=\"b4f825c\" data-element_type=\"widget\" data-e-type=\"widget\" data-widget_type=\"heading.default\">\n\t\t\t\t\t<h2 class=\"elementor-heading-title elementor-size-default\">Enlarging content<\/h2>\t\t\t\t<\/div>\n\t\t\t\t<div class=\"elementor-element elementor-element-ae2bfb9 elementor-widget elementor-widget-heading\" data-id=\"ae2bfb9\" data-element_type=\"widget\" data-e-type=\"widget\" data-widget_type=\"heading.default\">\n\t\t\t\t\t<h3 class=\"elementor-heading-title elementor-size-default\">Web browsers<\/h3>\t\t\t\t<\/div>\n\t\t\t\t<div class=\"elementor-element elementor-element-22a92b0 elementor-widget elementor-widget-text-editor\" data-id=\"22a92b0\" data-element_type=\"widget\" data-e-type=\"widget\" data-widget_type=\"text-editor.default\">\n\t\t\t\t\t\t\t\t\t<p>Sisu suurendamiseks soovitame esmalt kasutada veebilehitsejale sisseehitatud funktsionaalsust.<\/p><p>K\u00f5ikides populaarsetes veebilehitsejates on v\u00f5imalik lehte suurendada ja v\u00e4hendada, kui hoida all Ctrl klahvi (OS X operatsioonis\u00fcsteemis Cmd klahvi) ja samal vajutada ajal kas + v\u00f5i \u2013 klahvi. Teine mugav v\u00f5imalus on kasutada hiirt: hoides all Ctrl klahvi ja samal ajal liigutades hiire kerimisrulli. Tagasi normaalsuurusesse saab, kui vajutada samaaegselt Ctrl ja 0 klahvile.<\/p>\t\t\t\t\t\t\t\t<\/div>\n\t\t\t\t<div class=\"elementor-element elementor-element-f323ec3 elementor-widget elementor-widget-heading\" data-id=\"f323ec3\" data-element_type=\"widget\" data-e-type=\"widget\" data-widget_type=\"heading.default\">\n\t\t\t\t\t<h3 class=\"elementor-heading-title elementor-size-default\">Standalone software<\/h3>\t\t\t\t<\/div>\n\t\t\t\t<div class=\"elementor-element elementor-element-126dd38 elementor-widget elementor-widget-text-editor\" data-id=\"126dd38\" data-element_type=\"widget\" data-e-type=\"widget\" data-widget_type=\"text-editor.default\">\n\t\t\t\t\t\t\t\t\t<p data-start=\"155\" data-end=\"385\">Windows 10 and Windows 11:<br data-start=\"185\" data-end=\"188\" \/>To use this feature, open the Start menu and type <em data-start=\"242\" data-end=\"255\">\u201cMagnifier\u201d<\/em>, then press Enter. The Magnifier window will open, enlarging the selected area and, by default, following the mouse cursor.<\/p><p data-start=\"387\" data-end=\"519\">Apple computers:<br data-start=\"407\" data-end=\"410\" \/>To use zoom, navigate to: Apple menu &gt; System Preferences &gt; Accessibility (or Universal Access) &gt; Zoom.<\/p>\t\t\t\t\t\t\t\t<\/div>\n\t\t\t\t<div class=\"elementor-element elementor-element-486d6b7 elementor-widget elementor-widget-heading\" data-id=\"486d6b7\" data-element_type=\"widget\" data-e-type=\"widget\" data-widget_type=\"heading.default\">\n\t\t\t\t\t<h3 class=\"elementor-heading-title elementor-size-default\">Browser extensions<\/h3>\t\t\t\t<\/div>\n\t\t\t\t<div class=\"elementor-element elementor-element-0eb6dc0 elementor-widget elementor-widget-text-editor\" data-id=\"0eb6dc0\" data-element_type=\"widget\" data-e-type=\"widget\" data-widget_type=\"text-editor.default\">\n\t\t\t\t\t\t\t\t\t<p data-start=\"53\" data-end=\"302\">There are browser extensions available that allow you to enlarge on-screen content and complement the browser\u2019s built-in functionality. For example, for Chrome there is an extension called Zoom Page, which can be found in the Chrome Web Store.<\/p><p data-start=\"304\" data-end=\"415\">This extension makes it possible to enlarge either the entire page or only the text, depending on your needs.<\/p>\t\t\t\t\t\t\t\t<\/div>\n\t\t\t\t<div class=\"elementor-element elementor-element-a9c41f8 elementor-widget-divider--view-line elementor-widget elementor-widget-divider\" data-id=\"a9c41f8\" data-element_type=\"widget\" data-e-type=\"widget\" data-widget_type=\"divider.default\">\n\t\t\t\t\t\t\t<div class=\"elementor-divider\">\n\t\t\t<span class=\"elementor-divider-separator\">\n\t\t\t\t\t\t<\/span>\n\t\t<\/div>\n\t\t\t\t\t\t<\/div>\n\t\t\t\t<div class=\"elementor-element elementor-element-a7c1b9f elementor-widget elementor-widget-heading\" data-id=\"a7c1b9f\" data-element_type=\"widget\" data-e-type=\"widget\" data-widget_type=\"heading.default\">\n\t\t\t\t\t<h2 class=\"elementor-heading-title elementor-size-default\">Using a screen reader<\/h2>\t\t\t\t<\/div>\n\t\t\t\t<div class=\"elementor-element elementor-element-3a23855 elementor-widget elementor-widget-text-editor\" data-id=\"3a23855\" data-element_type=\"widget\" data-e-type=\"widget\" data-widget_type=\"text-editor.default\">\n\t\t\t\t\t\t\t\t\t<p data-start=\"56\" data-end=\"299\">A screen reader is a program that attempts to interpret what is displayed on the computer screen and present it in other forms &#8211; for example as sounds or audio commentary. It is primarily an assistive tool for people with visual impairments.<\/p><p data-start=\"301\" data-end=\"706\">The content on this website has been created in accordance with standards understandable to screen readers, ensuring that all types of visual content can be presented in alternative formats. For example, images include textual descriptions, and the layout and order of elements take into account the way a screen reader moves across the screen, allowing information to be consumed in a logical sequence.<\/p><p data-start=\"708\" data-end=\"737\">Examples of screen readers:<\/p><p data-start=\"740\" data-end=\"781\">JAWS (Windows) &#8211; opens in a new tab, VoiceOver (macOS, free, built-in)<\/p>\t\t\t\t\t\t\t\t<\/div>\n\t\t\t\t<\/div>\n\t\t\t\t\t<\/div>\n\t\t\t\t<\/div>\n\t\t\t\t<\/div>\n\t\t","protected":false},"excerpt":{"rendered":"<p>Accessibility This website has been built and designed to meet the WCAG 2.1 AA accessibility guidelines. This means that certain technical tools and content creation principles have been applied to help users with visual, hearing, physical, speech, cognitive, language, learning, and neurological disabilities access the website\u2019s content. In addition, it is possible to improve the [&hellip;]<\/p>\n","protected":false},"author":1,"featured_media":0,"parent":0,"menu_order":0,"comment_status":"closed","ping_status":"closed","template":"","meta":{"_acf_changed":false,"footnotes":""},"kt_page_category":[],"class_list":["post-14606","page","type-page","status-publish","hentry"],"acf":[],"yoast_head":"<!-- This site is optimized with the Yoast SEO plugin v27.4 - https:\/\/yoast.com\/product\/yoast-seo-wordpress\/ -->\n<title>Accessibility - Kaitseliit<\/title>\n<meta name=\"robots\" content=\"index, follow, max-snippet:-1, max-image-preview:large, max-video-preview:-1\" \/>\n<link rel=\"canonical\" href=\"https:\/\/kaitseliit.ee\/en\/accessibility\/\" \/>\n<meta property=\"og:locale\" content=\"en_US\" \/>\n<meta property=\"og:type\" content=\"article\" \/>\n<meta property=\"og:title\" content=\"Accessibility - Kaitseliit\" \/>\n<meta property=\"og:description\" content=\"Accessibility This website has been built and designed to meet the WCAG 2.1 AA accessibility guidelines. This means that certain technical tools and content creation principles have been applied to help users with visual, hearing, physical, speech, cognitive, language, learning, and neurological disabilities access the website\u2019s content. In addition, it is possible to improve the [&hellip;]\" \/>\n<meta property=\"og:url\" content=\"https:\/\/kaitseliit.ee\/en\/accessibility\/\" \/>\n<meta property=\"og:site_name\" content=\"Kaitseliit\" \/>\n<meta property=\"article:modified_time\" content=\"2025-09-01T12:27:13+00:00\" \/>\n<script type=\"application\/ld+json\" class=\"yoast-schema-graph\">{\"@context\":\"https:\\\/\\\/schema.org\",\"@graph\":[{\"@type\":\"WebPage\",\"@id\":\"https:\\\/\\\/kaitseliit.ee\\\/en\\\/accessibility\\\/\",\"url\":\"https:\\\/\\\/kaitseliit.ee\\\/en\\\/accessibility\\\/\",\"name\":\"Accessibility - Kaitseliit\",\"isPartOf\":{\"@id\":\"https:\\\/\\\/kaitseliit.ee\\\/en\\\/#website\"},\"datePublished\":\"2025-06-16T11:37:51+00:00\",\"dateModified\":\"2025-09-01T12:27:13+00:00\",\"inLanguage\":\"en-US\",\"potentialAction\":[{\"@type\":\"ReadAction\",\"target\":[\"https:\\\/\\\/kaitseliit.ee\\\/en\\\/accessibility\\\/\"]}]},{\"@type\":\"WebSite\",\"@id\":\"https:\\\/\\\/kaitseliit.ee\\\/en\\\/#website\",\"url\":\"https:\\\/\\\/kaitseliit.ee\\\/en\\\/\",\"name\":\"Kaitseliit\",\"description\":\"Kogukondlik vastutus ja kaitsetahe kogu Eestile\",\"publisher\":{\"@id\":\"https:\\\/\\\/kaitseliit.ee\\\/en\\\/#organization\"},\"potentialAction\":[{\"@type\":\"SearchAction\",\"target\":{\"@type\":\"EntryPoint\",\"urlTemplate\":\"https:\\\/\\\/kaitseliit.ee\\\/en\\\/?s={search_term_string}\"},\"query-input\":{\"@type\":\"PropertyValueSpecification\",\"valueRequired\":true,\"valueName\":\"search_term_string\"}}],\"inLanguage\":\"en-US\"},{\"@type\":\"Organization\",\"@id\":\"https:\\\/\\\/kaitseliit.ee\\\/en\\\/#organization\",\"name\":\"Kaitseliit\",\"url\":\"https:\\\/\\\/kaitseliit.ee\\\/en\\\/\",\"logo\":{\"@type\":\"ImageObject\",\"inLanguage\":\"en-US\",\"@id\":\"https:\\\/\\\/kaitseliit.ee\\\/en\\\/#\\\/schema\\\/logo\\\/image\\\/\",\"url\":\"https:\\\/\\\/kaitseliit.ee\\\/wp-content\\\/uploads\\\/2025\\\/06\\\/kaitseliit-logo.svg\",\"contentUrl\":\"https:\\\/\\\/kaitseliit.ee\\\/wp-content\\\/uploads\\\/2025\\\/06\\\/kaitseliit-logo.svg\",\"width\":249,\"height\":70,\"caption\":\"Kaitseliit\"},\"image\":{\"@id\":\"https:\\\/\\\/kaitseliit.ee\\\/en\\\/#\\\/schema\\\/logo\\\/image\\\/\"}}]}<\/script>\n<!-- \/ Yoast SEO plugin. -->","yoast_head_json":{"title":"Accessibility - Kaitseliit","robots":{"index":"index","follow":"follow","max-snippet":"max-snippet:-1","max-image-preview":"max-image-preview:large","max-video-preview":"max-video-preview:-1"},"canonical":"https:\/\/kaitseliit.ee\/en\/accessibility\/","og_locale":"en_US","og_type":"article","og_title":"Accessibility - Kaitseliit","og_description":"Accessibility This website has been built and designed to meet the WCAG 2.1 AA accessibility guidelines. This means that certain technical tools and content creation principles have been applied to help users with visual, hearing, physical, speech, cognitive, language, learning, and neurological disabilities access the website\u2019s content. In addition, it is possible to improve the [&hellip;]","og_url":"https:\/\/kaitseliit.ee\/en\/accessibility\/","og_site_name":"Kaitseliit","article_modified_time":"2025-09-01T12:27:13+00:00","schema":{"@context":"https:\/\/schema.org","@graph":[{"@type":"WebPage","@id":"https:\/\/kaitseliit.ee\/en\/accessibility\/","url":"https:\/\/kaitseliit.ee\/en\/accessibility\/","name":"Accessibility - Kaitseliit","isPartOf":{"@id":"https:\/\/kaitseliit.ee\/en\/#website"},"datePublished":"2025-06-16T11:37:51+00:00","dateModified":"2025-09-01T12:27:13+00:00","inLanguage":"en-US","potentialAction":[{"@type":"ReadAction","target":["https:\/\/kaitseliit.ee\/en\/accessibility\/"]}]},{"@type":"WebSite","@id":"https:\/\/kaitseliit.ee\/en\/#website","url":"https:\/\/kaitseliit.ee\/en\/","name":"Kaitseliit","description":"Kogukondlik vastutus ja kaitsetahe kogu Eestile","publisher":{"@id":"https:\/\/kaitseliit.ee\/en\/#organization"},"potentialAction":[{"@type":"SearchAction","target":{"@type":"EntryPoint","urlTemplate":"https:\/\/kaitseliit.ee\/en\/?s={search_term_string}"},"query-input":{"@type":"PropertyValueSpecification","valueRequired":true,"valueName":"search_term_string"}}],"inLanguage":"en-US"},{"@type":"Organization","@id":"https:\/\/kaitseliit.ee\/en\/#organization","name":"Kaitseliit","url":"https:\/\/kaitseliit.ee\/en\/","logo":{"@type":"ImageObject","inLanguage":"en-US","@id":"https:\/\/kaitseliit.ee\/en\/#\/schema\/logo\/image\/","url":"https:\/\/kaitseliit.ee\/wp-content\/uploads\/2025\/06\/kaitseliit-logo.svg","contentUrl":"https:\/\/kaitseliit.ee\/wp-content\/uploads\/2025\/06\/kaitseliit-logo.svg","width":249,"height":70,"caption":"Kaitseliit"},"image":{"@id":"https:\/\/kaitseliit.ee\/en\/#\/schema\/logo\/image\/"}}]}},"_links":{"self":[{"href":"https:\/\/kaitseliit.ee\/en\/wp-json\/wp\/v2\/pages\/14606","targetHints":{"allow":["GET"]}}],"collection":[{"href":"https:\/\/kaitseliit.ee\/en\/wp-json\/wp\/v2\/pages"}],"about":[{"href":"https:\/\/kaitseliit.ee\/en\/wp-json\/wp\/v2\/types\/page"}],"author":[{"embeddable":true,"href":"https:\/\/kaitseliit.ee\/en\/wp-json\/wp\/v2\/users\/1"}],"replies":[{"embeddable":true,"href":"https:\/\/kaitseliit.ee\/en\/wp-json\/wp\/v2\/comments?post=14606"}],"version-history":[{"count":0,"href":"https:\/\/kaitseliit.ee\/en\/wp-json\/wp\/v2\/pages\/14606\/revisions"}],"wp:attachment":[{"href":"https:\/\/kaitseliit.ee\/en\/wp-json\/wp\/v2\/media?parent=14606"}],"wp:term":[{"taxonomy":"kt_page_category","embeddable":true,"href":"https:\/\/kaitseliit.ee\/en\/wp-json\/wp\/v2\/kt_page_category?post=14606"}],"curies":[{"name":"wp","href":"https:\/\/api.w.org\/{rel}","templated":true}]}}